{"id":40,"date":"2011-03-21T14:20:14","date_gmt":"2011-03-21T13:20:14","guid":{"rendered":"http:\/\/balloon.hu\/new\/?page_id=40"},"modified":"2011-03-21T14:20:14","modified_gmt":"2011-03-21T13:20:14","slug":"event-calendar","status":"publish","type":"page","link":"http:\/\/balloon.hu\/new\/event-calendar\/","title":{"rendered":"Event Calendar"},"content":{"rendered":"<div class=\"a246cb021816c9f476ac16cb834b7362\" data-index=\"1\" style=\"float: none; margin:10px 0 10px 0; text-align:center;\">\n<script type=\"text\/javascript\"><!--\r\ngoogle_ad_client = \"ca-pub-2865779868887008\";\r\n\/* Android box *\/\r\ngoogle_ad_slot = \"1345074415\";\r\ngoogle_ad_width = 336;\r\ngoogle_ad_height = 280;\r\n\/\/-->\r\n<\/script>\r\n<script type=\"text\/javascript\"\r\nsrc=\"http:\/\/pagead2.googlesyndication.com\/pagead\/show_ads.js\">\r\n<\/script>\n<\/div>\n<p><strong>Event Calendar for 2014<\/strong><\/p>\n<table>\n<tbody>\n<tr>\n<td align=\"right\" valign=\"top\">\n<div align=\"left\">30\u00a0<strong>April<\/strong>\u00a0&#8211;\u00a004<strong> M\u00e1jus<\/strong><\/div>\n<\/td>\n<td><strong><a href=\"http:\/\/www.ballon2014.at\/\" target=\"_blank\">Austrian and German National Championship<\/a><\/strong><\/td>\n<td valign=\"top\">Puch Bei Weiz, AUT<\/td>\n<\/tr>\n<tr>\n<td align=\"right\" valign=\"top\">\n<div align=\"left\">30\u00a0<strong>April<\/strong>\u00a0&#8211;\u00a004<strong> May<\/strong><\/div>\n<\/td>\n<td><a href=\"http:\/\/www.balonynadkrosnem.pl\/zawody.html\" target=\"_blank\"><strong>Krosno Balloon Competition<\/strong><\/a><\/td>\n<td valign=\"top\">Krosno, POL<\/td>\n<\/tr>\n<tr>\n<td align=\"right\" valign=\"top\">\n<div align=\"left\">May<\/div>\n<\/td>\n<td>Serbian Cup International Balloon Festival<\/td>\n<td valign=\"top\">Jagodina, SRB<\/td>\n<\/tr>\n<tr>\n<td align=\"right\" valign=\"top\">\n<div align=\"left\">28 May &#8211;\u00a001 <strong>June<\/strong><\/div>\n<\/td>\n<td><strong><a href=\"http:\/\/www.nkballonvaren.nl\/\" target=\"_blank\">Dutch Balloon Trophy,\u00a0Dutch and Belgium Championship,\u00a0Pre-Woman\u2019s European Hot Air Ballooning Championship 2014<\/a><\/strong><\/td>\n<td valign=\"top\">Wezuperbrug, NED<\/td>\n<\/tr>\n<tr>\n<td align=\"right\" valign=\"top\">\n<div align=\"left\">05-08\u00a0<strong>June<\/strong><\/div>\n<\/td>\n<td><a href=\"https:\/\/www.facebook.com\/fiestabalonowa\/info\" target=\"_blank\">Krak\u00f3w\u00a0Balloon Fiesta<\/a><\/td>\n<td valign=\"top\">Krak\u00f3w, POL<\/td>\n<\/tr>\n<tr>\n<td align=\"right\" valign=\"top\">\n<div align=\"left\">11-15\u00a0June<\/div>\n<\/td>\n<td><a href=\"http:\/\/www.balloon.sk\/\" target=\"_blank\">Kosice Balloon Fiesta <\/a><\/td>\n<td valign=\"top\">Kosice, SLK<\/td>\n<\/tr>\n<tr>\n<td align=\"right\" valign=\"top\">\n<div align=\"left\">17-27\u00a0<strong>July<\/strong><\/div>\n<\/td>\n<td><a href=\"http:\/\/www.balloonworlds2014.com\/\" target=\"_blank\"><strong>21st FAI World Hot Air Balloon Championship<\/strong><\/a><\/td>\n<td valign=\"top\">Rio Claro, BRA<\/td>\n<\/tr>\n<tr>\n<td align=\"right\" valign=\"top\">\n<div align=\"left\">02-09\u00a0<strong>August<\/strong><\/div>\n<\/td>\n<td><a href=\"http:\/\/ballooniyc.com\/14th-iyc-2014\/14th-iyc\/\" target=\"_blank\">14th International Youth Camp 2014<\/a><\/td>\n<td valign=\"top\">Rades\u00edn, CZE<\/td>\n<\/tr>\n<tr>\n<td align=\"right\" valign=\"top\">\n<div align=\"left\">18-23 August<\/div>\n<\/td>\n<td><strong>French National Championship<\/strong><\/td>\n<td valign=\"top\">Sabl\u00e9 sur Sarthe,\u00a0FRA<\/td>\n<\/tr>\n<tr>\n<td align=\"right\" valign=\"top\">\n<div align=\"left\">28\u00a0August &#8211; 06\u00a0September<\/div>\n<\/td>\n<td><a href=\"http:\/\/www.gordonbennett2014.org\/Home.html\" target=\"_blank\"><strong>58th Coupe A\u00e9ronautique Gordon Bennett<\/strong><\/a><\/td>\n<td valign=\"top\">Vichy,\u00a0FRA<\/td>\n<\/tr>\n<tr>\n<td align=\"right\" valign=\"top\">\n<div align=\"left\">31 August &#8211; 06 <strong>September<\/strong><\/div>\n<\/td>\n<td><a href=\"http:\/\/www.worldjunior2014hab.org\" target=\"_blank\"><strong>2nd FAI Junior World Hot Air Balloon Championship<\/strong><\/a><\/td>\n<td valign=\"top\">Vichy, FRA<\/td>\n<\/tr>\n<tr>\n<td align=\"right\" valign=\"top\">\n<div align=\"left\">08-13<\/div>\n<\/td>\n<td><a href=\"http:\/\/womenworldballoon2014.pl\/?lang=2\" target=\"_blank\"><strong>1st FAI Women&#8217;s World Hot Air Balloon Championship<\/strong><\/a><\/td>\n<td valign=\"top\">Leszno, POL<\/td>\n<\/tr>\n<tr>\n<td align=\"right\" valign=\"top\">\n<div align=\"left\">12-14<\/div>\n<\/td>\n<td>Senta International Balloon Meeting<\/td>\n<td valign=\"top\">Senta, SRB<\/td>\n<\/tr>\n<tr>\n<td align=\"right\" valign=\"top\">\n<div align=\"left\">23-28<\/div>\n<\/td>\n<td><strong>Czech Nationals<\/strong><\/td>\n<td valign=\"top\">Rades\u00edn, CZE<\/td>\n<\/tr>\n<tr>\n<td align=\"right\" valign=\"top\">\n<div align=\"left\">04-12 <strong>October<\/strong><\/div>\n<\/td>\n<td><a href=\"http:\/\/www.balloonfiesta.com\/pilots-and-crew\/pilot-application\" target=\"_blank\">Albuquerque International Balloon Fiesta<\/a><\/td>\n<td valign=\"top\">Albuquerque, NM, USA<\/td>\n<\/tr>\n<\/tbody>\n<\/table>\n<p>The Event Calendar for 2013 is published. You may find the more important <strong>competitions<\/strong> and meetings in Hungary and near the country. If you want to see your Event here then\u00a0<a href=\"http:\/\/balloon.hu\/new\/?page_id=335\">contact<\/a>\u00a0with us.<\/p>\n<table>\n<tbody>\n<tr>\n<td align=\"right\" valign=\"top\">\n<div align=\"left\"><strong>27 April<\/strong>\u00a0&#8211; 2 May<\/div>\n<\/td>\n<td><strong><a href=\"http:\/\/gorskie-zawody-balonowe.pl\/\" target=\"_blank\">XIII. Mountain Balloon Race, Krosno<\/a><\/strong><\/td>\n<td valign=\"top\"><a href=\"http:\/\/www.dbcc.nl\/uitnodiging-dutch-balloon-trophy-2013\/\" target=\"_blank\">K<\/a>rosno, POL<\/td>\n<\/tr>\n<tr>\n<td align=\"right\" valign=\"top\">\n<div align=\"left\">8-12 May<\/div>\n<\/td>\n<td><strong><a href=\"http:\/\/www.dbcc.nl\/uitnodiging-dutch-balloon-trophy-2013\/\" target=\"_blank\">Dutch &amp; Belgian National\u00a0Championship<\/a><\/strong><\/td>\n<td valign=\"top\">Wezuperbrug, NLD<\/td>\n<\/tr>\n<tr>\n<td align=\"right\" valign=\"top\">\n<div align=\"left\">10-12 May<\/div>\n<\/td>\n<td>VII. Kisk\u0151r\u00f6s Balloon\u00a0Meeting<\/td>\n<td valign=\"top\">Kisk\u0151r\u00f6s, HUN<\/td>\n<\/tr>\n<tr>\n<td align=\"right\" valign=\"top\">\n<div align=\"left\">30 May -02 June<\/div>\n<\/td>\n<td><a href=\"http:\/\/zawodybalonowe.pl\/2013\/\" target=\"_blank\"><strong>VI.\u00a0Krakow Balloon Competition<\/strong><\/a><\/td>\n<td valign=\"top\">Krakow, POL<\/td>\n<\/tr>\n<tr>\n<td align=\"right\" valign=\"top\">\n<div align=\"left\">30 May -02 June<\/div>\n<\/td>\n<td>Serbian Cup International Balloon Festival<br \/>\n<a href=\"https:\/\/www.dropbox.com\/s\/ehy21wuwogh3fby\/EntryformJagodina2013.doc\" target=\"_blank\">Entry form<\/a><\/td>\n<td valign=\"top\">Jagodina, SRB<\/td>\n<\/tr>\n<tr>\n<td align=\"right\" valign=\"top\">\n<div align=\"left\">5-9 <strong>June<\/strong><\/div>\n<\/td>\n<td><a href=\"http:\/\/www.balloon.sk\/\" target=\"_blank\">Kosice Balloon Fiesta <\/a><\/td>\n<td valign=\"top\"><a href=\"http:\/\/www.balloon.sk\/\" target=\"_blank\">Kosice<\/a>, SLK<\/td>\n<\/tr>\n<tr>\n<td align=\"right\" valign=\"top\">\n<div align=\"left\">21-23 June<\/div>\n<\/td>\n<td>Szczecinek Balloon Festival<br \/>\n<a href=\"mailto:latanie@gmail.com\">E-mail<\/a><\/td>\n<td valign=\"top\">Szczecinek, POL<\/td>\n<\/tr>\n<tr>\n<td align=\"right\" valign=\"top\">\n<div align=\"left\">29\u00a0June &#8211; 06 July<\/div>\n<\/td>\n<td><strong>Sky Fair of the Urals<\/strong><br \/>\n<a href=\"https:\/\/www.dropbox.com\/s\/y9w8f0ly9midhtv\/%D1%83%D1%81%D0%BB%D0%BE%D0%B2%D0%B8%D1%8F%202013.doc\" target=\"_blank\">Invitation<\/a>, <a href=\"https:\/\/www.dropbox.com\/s\/7dzl8n7lxjfui2d\/%D0%97%D0%B0%D1%8F%D0%B2%D0%BA%D0%B0.doc\" target=\"_blank\">Entry form<\/a>, <a href=\"http:\/\/www.kungur-adm.ru\/Neb_yar\/inf\/nya_info_eng.html\" target=\"_blank\">hompage<\/a><\/td>\n<td valign=\"top\">Kungur, RUS<\/td>\n<\/tr>\n<tr>\n<td align=\"right\" valign=\"top\">\n<div align=\"left\">25-28 <strong>July<\/strong><\/div>\n<\/td>\n<td><a href=\"http:\/\/www.balloonfiesta.de\/\" target=\"_blank\">Saxonia Balloon Fiesta<\/a><\/td>\n<td valign=\"top\">Leipzig, GER<\/td>\n<\/tr>\n<tr>\n<td align=\"right\" valign=\"top\">\n<div align=\"left\">26 July\u00a0&#8211; 04\u00a0August<\/div>\n<\/td>\n<td><a href=\"http:\/\/www.pilatre-de-rozier.com\/\" target=\"_blank\">Lorraine Mondial Air Balloons<\/a><\/td>\n<td valign=\"top\">Chambley, Metz, FRA<\/td>\n<\/tr>\n<tr>\n<td align=\"right\" valign=\"top\">\n<div align=\"left\">31 July- 4 August\u00a0(?)<\/div>\n<\/td>\n<td><a href=\"http:\/\/www.aeroklub.lublin.pl\/\"><strong>Na\u0142\u0119cz\u00f3w Balloon Cup<\/strong><\/a><\/td>\n<td valign=\"top\">Na\u0142\u0119cz\u00f3w, POL<\/td>\n<\/tr>\n<tr>\n<td align=\"right\" valign=\"top\">\n<div align=\"left\">06-11\u00a0<strong>August<\/strong><\/div>\n<\/td>\n<td><strong><a href=\"http:\/\/www.balonove-mistrovstvi.cz\/english-info\/\" target=\"_blank\">Czech National Championship<br \/>\n<\/a><\/strong><a href=\"http:\/\/balloon.hu\/new\/?p=1148\">Electronic Notice Board<\/a><\/td>\n<td valign=\"top\">Rades\u00edn, CZE<\/td>\n<\/tr>\n<tr>\n<td align=\"right\" valign=\"top\">\n<div align=\"left\">08-11\u00a0August<\/div>\n<\/td>\n<td><a href=\"http:\/\/www.bristolballoonfiesta.co.uk\/\" target=\"_blank\">Bristol International Balloon Fiesta<\/a><\/td>\n<td valign=\"top\">Bristol, UK<\/td>\n<\/tr>\n<tr>\n<td align=\"right\" valign=\"top\">\n<div align=\"left\">14-18\u00a0August<\/div>\n<\/td>\n<td><strong>Spanish National Championship<\/strong><\/td>\n<td valign=\"top\">Haro, ESP<\/td>\n<\/tr>\n<tr>\n<td align=\"right\" valign=\"top\">\n<div align=\"left\">16-18\u00a0August<\/div>\n<\/td>\n<td><a href=\"http:\/\/www.moselballonfiesta.de\/\" target=\"_blank\">Mosel Ballon Fiesta<\/a><\/td>\n<td valign=\"top\">Mosel, GER<\/td>\n<\/tr>\n<tr>\n<td align=\"right\" valign=\"top\">\n<div align=\"left\">14-18 August<\/div>\n<\/td>\n<td><strong><a href=\"http:\/\/debrecenballooncup2013.blog.hu\/\" target=\"_blank\">Hungarian National Championship<\/a><\/strong><\/td>\n<td valign=\"top\">Debrecen, HUN<\/td>\n<\/tr>\n<tr>\n<td align=\"right\" valign=\"top\">\n<div align=\"left\">23-31\u00a0August<\/div>\n<\/td>\n<td><strong><a href=\"http:\/\/www.gordonbennett2013.org\/\" target=\"_blank\">57eme Coupe A\u00e9ronautique Gordon Bennett<\/a><\/strong><\/td>\n<td valign=\"top\">Nancy, FRA<\/td>\n<\/tr>\n<tr>\n<td align=\"right\" valign=\"top\">\n<div align=\"left\">6-8 <strong>September<\/strong><\/div>\n<\/td>\n<td>Senta Balloon Meeting<\/td>\n<td valign=\"top\">Senta, SRB<\/td>\n<\/tr>\n<tr>\n<td align=\"right\" valign=\"top\">\n<div align=\"left\">06-14\u00a0September<\/div>\n<\/td>\n<td><strong><a href=\"http:\/\/europeans2013.com\/\" target=\"_blank\">18th FAI Europian Championship<\/a><\/strong><\/td>\n<td valign=\"top\">Wloclawek, POL<\/td>\n<\/tr>\n<tr>\n<td align=\"right\" valign=\"top\">\n<div align=\"left\">27-29\u00a0September<\/div>\n<\/td>\n<td><a href=\"http:\/\/www.paradabaloanelor.ro\/fesztival\/\" target=\"_blank\">C\u00e2mpu Cet\u0103\u021bii\u00a0Balloon Meeting<\/a><\/td>\n<td valign=\"top\">C\u00e2mpu Cet\u0103\u021bii, ROM<\/td>\n<\/tr>\n<tr>\n<td align=\"right\" valign=\"top\">\n<div align=\"left\"><strong>October<\/strong><\/div>\n<\/td>\n<td><a href=\"http:\/\/www.johnbalon.ro\/fiesta.htm\" target=\"_blank\">Maramure\u0219\u00a0International Balloon Fiesta<\/a><\/td>\n<td valign=\"top\">Maramure\u0219, ROM<\/td>\n<\/tr>\n<tr>\n<td align=\"right\" valign=\"top\">\n<div align=\"left\"><strong>04-08 December<\/strong><\/div>\n<\/td>\n<td><strong><a href=\"http:\/\/events.baloncenter.com\/si\/index.php?Odprto_dr%C5%BEavno_prvenstvo_-_Polana_2013\" target=\"_blank\">Slovenian National Championship<\/a><\/strong><\/td>\n<td valign=\"top\">Murska Sobota, SLO<\/td>\n<\/tr>\n<\/tbody>\n<\/table>\n<p>&nbsp;<\/p>\n<!--CusAds0--><!--CusAds0-->\n<div style=\"font-size: 0px; height: 0px; line-height: 0px; margin: 0; padding: 0; clear: both;\"><\/div>","protected":false},"excerpt":{"rendered":"<p>Event Calendar for 2014 30\u00a0April\u00a0&#8211;\u00a004 M\u00e1jus Austrian and German National Championship Puch Bei Weiz, AUT 30\u00a0April\u00a0&#8211;\u00a004 May Krosno Balloon Competition Krosno, POL May Serbian Cup International Balloon Festival Jagodina, SRB 28 May &#8211;\u00a001 June Dutch Balloon Trophy,\u00a0Dutch and Belgium Championship,\u00a0Pre-Woman\u2019s European Hot Air Ballooning Championship 2014 Wezuperbrug, NED 05-08\u00a0June Krak\u00f3w\u00a0Balloon Fiesta Krak\u00f3w, POL 11-15\u00a0June Kosice [&hellip;]<\/p>\n","protected":false},"author":1,"featured_media":0,"parent":0,"menu_order":4,"comment_status":"open","ping_status":"open","template":"","meta":[],"_links":{"self":[{"href":"http:\/\/balloon.hu\/new\/wp-json\/wp\/v2\/pages\/40"}],"collection":[{"href":"http:\/\/balloon.hu\/new\/wp-json\/wp\/v2\/pages"}],"about":[{"href":"http:\/\/balloon.hu\/new\/wp-json\/wp\/v2\/types\/page"}],"author":[{"embeddable":true,"href":"http:\/\/balloon.hu\/new\/wp-json\/wp\/v2\/users\/1"}],"replies":[{"embeddable":true,"href":"http:\/\/balloon.hu\/new\/wp-json\/wp\/v2\/comments?post=40"}],"version-history":[{"count":0,"href":"http:\/\/balloon.hu\/new\/wp-json\/wp\/v2\/pages\/40\/revisions"}],"wp:attachment":[{"href":"http:\/\/balloon.hu\/new\/wp-json\/wp\/v2\/media?parent=40"}],"curies":[{"name":"wp","href":"https:\/\/api.w.org\/{rel}","templated":true}]}}